{"id":4875,"date":"2025-05-22T08:46:16","date_gmt":"2025-05-22T06:46:16","guid":{"rendered":"https:\/\/brussels.diamondleague.com\/?page_id=4875"},"modified":"2025-07-15T09:24:05","modified_gmt":"2025-07-15T07:24:05","slug":"durabilite","status":"publish","type":"page","link":"https:\/\/brussels.diamondleague.com\/fr\/infos\/durabilite\/","title":{"rendered":"Durabilit\u00e9"},"content":{"rendered":"\n<h2 class=\"wp-block-heading\"><\/h2>\n\n<h2 class=\"wp-block-heading\">Athletics for a Better World: Le M\u00e9morial d\u00e9croche le bronze et vise encore plus haut en 2025! <\/h2>\n\n<p><\/p>\n\n<p><em>World Athletics a d\u00e9cern\u00e9 le Label de Bronze \u00e0 l&#8217;Allianz M\u00e9morial Van Damme pour tous les efforts d\u00e9ploy\u00e9s en 2024 en faveur d&#8217;Athletics for a Better World (ABW), une initiative par laquelle la f\u00e9d\u00e9ration internationale d&#8217;athl\u00e9tisme vise \u00e0 exploiter le pouvoir de l&#8217;athl\u00e9tisme pour promouvoir la responsabilit\u00e9 sociale et civique ainsi que la durabilit\u00e9.<\/em><\/p>\n\n<div class=\"wp-block-columns is-layout-flex wp-container-core-columns-is-layout-1 wp-block-columns-is-layout-flex\">\n<div class=\"wp-block-column is-layout-flow wp-block-column-is-layout-flow\">\n<p>L\u2019Allianz M\u00e9morial Van Damme a int\u00e9gr\u00e9 la durabilit\u00e9, la diversit\u00e9 et l\u2019inclusion dans sa vision et son organisation et s\u2019efforce de cr\u00e9er un monde meilleur conform\u00e9ment aux principes de l\u2019ABW. <\/p>\n\n\n\n<p>Cela signifie qu\u2019il convient de reconna\u00eetre les d\u00e9fis environnementaux croissants auxquels le monde est confront\u00e9, mais aussi le fait que l\u2019in\u00e9galit\u00e9 globale et le manque de diversit\u00e9 et d\u2019inclusion constituent une menace s\u00e9rieuse pour notre plan\u00e8te et ses habitants.<\/p>\n\n\n\n<p>D\u00e8s lors, nous avons pris les initiatives suivantes:<\/p>\n\n\n\n<p><\/p>\n\n\n\n<ul class=\"wp-block-list\">\n<li>Une charte d&#8217;achat pour nos fournisseurs afin de clarifier notre engagement et de conclure des accords clairs concernant, par exemple, la gestion des d\u00e9chets, l&#8217;utilisation des mat\u00e9riaux et une cha\u00eene alimentaire courte.<\/li>\n\n\n\n<li>La r\u00e9duction des \u00e9missions de carbone que nous cartographions avec notre partenaire ENGIE dont nous tirons des enseignements pour les \u00e9ditions futures. Le d\u00e9placement de nos nombreux spectateurs est un facteur tr\u00e8s important \u00e0 cet \u00e9gard. <\/li>\n\n\n\n<li>L&#8217;\u00e9lectrification de notre propre flotte, \u00e9galement gr\u00e2ce \u00e0 notre nouveau partenariat avec Honda.<\/li>\n\n\n\n<li>Un engagement continu en faveur de la diversit\u00e9 des participants et des spectateurs, avec une large place pour les athl\u00e8tes et les spectateurs handicap\u00e9s. L&#8217;\u00e9galit\u00e9 entre les athl\u00e8tes masculins et f\u00e9minins se traduit \u00e9galement par des compensations et des initiatives en faveur des familles fragilis\u00e9es. <\/li>\n<\/ul>\n<\/div>\n\n\n\n<div class=\"wp-block-column is-layout-flow wp-block-column-is-layout-flow\"><div class=\"wp-block-image\">\n<figure class=\"aligncenter size-large is-resized\"><img loading=\"lazy\" decoding=\"async\" width=\"683\" height=\"1024\" src=\"https:\/\/brussels.diamondleague.com\/wp-content\/uploads\/sites\/16\/2025\/05\/memorial-25-duurzaamheid-683x1024.jpg\" alt=\"\" class=\"wp-image-4919\" style=\"width:300px\" srcset=\"https:\/\/brussels.diamondleague.com\/wp-content\/uploads\/sites\/16\/2025\/05\/memorial-25-duurzaamheid-683x1024.jpg 683w, https:\/\/brussels.diamondleague.com\/wp-content\/uploads\/sites\/16\/2025\/05\/memorial-25-duurzaamheid-200x300.jpg 200w, https:\/\/brussels.diamondleague.com\/wp-content\/uploads\/sites\/16\/2025\/05\/memorial-25-duurzaamheid-768x1152.jpg 768w, https:\/\/brussels.diamondleague.com\/wp-content\/uploads\/sites\/16\/2025\/05\/memorial-25-duurzaamheid.jpg 1000w\" sizes=\"auto, (max-width: 683px) 100vw, 683px\" \/><\/figure><\/div><\/div>\n<\/div>\n\n<p>Sur la base des enseignements tir\u00e9s en 2024, le M\u00e9morial poursuivra le renforcement de sa strat\u00e9gie en mati\u00e8re de d\u00e9veloppement durable et continuera \u00e0 prendre des mesures et \u00e0 placer la barre encore plus haut en 2025. Cela n\u00e9cessite un \u00e9quilibre entre des objectifs ambitieux et des \u00e9tapes bien planifi\u00e9es \u00e0 long terme et des gains rapides \u00e0 court terme. C&#8217;est ainsi que nous travaillerons ensemble, par le biais de l&#8217;athl\u00e9tisme, \u00e0 la construction d&#8217;un monde meilleur et d&#8217;un avenir meilleur pour tous.  <\/p>\n\n<p><a href=\"http:\/\/brussels.diamondleague.com\/wp-content\/uploads\/sites\/16\/2025\/05\/E-MVD-2025-Sustainability-report-NL.pdf\" data-type=\"link\" data-id=\"http:\/\/brussels.diamondleague.com\/wp-content\/uploads\/sites\/16\/2025\/05\/E-MVD-2025-Sustainability-report-NL.pdf\" target=\"_blank\" rel=\"noreferrer noopener\">Cliquez ici<\/a> pour voir le rapport complet.<\/p>\n\n<p>Consultez ici notre <a href=\"http:\/\/brussels.diamondleague.com\/wp-content\/uploads\/sites\/16\/2025\/05\/Code-of-Conduct-MVD-FR.pdf\" data-type=\"link\" data-id=\"http:\/\/brussels.diamondleague.com\/wp-content\/uploads\/sites\/16\/2025\/05\/Code-of-Conduct-MVD-FR.pdf\" target=\"_blank\" rel=\"noreferrer noopener\">Code de Conduite<\/a> et notre Politique de <a href=\"http:\/\/brussels.diamondleague.com\/wp-content\/uploads\/sites\/16\/2025\/05\/Diversiteit-en-Inclusie-beleid-MVD-FR.pdf\" data-type=\"link\" data-id=\"http:\/\/brussels.diamondleague.com\/wp-content\/uploads\/sites\/16\/2025\/05\/Diversiteit-en-Inclusie-beleid-MVD-FR.pdf\" target=\"_blank\" rel=\"noreferrer noopener\">Diversit\u00e9 et d\u2019Inclusion<\/a>. <\/p>\n\n<p><\/p>\n","protected":false},"excerpt":{"rendered":"<p>Athletics for a Better World: Le M\u00e9morial d\u00e9croche le bronze et vise encore plus haut en 2025!...","protected":false},"author":106,"featured_media":0,"parent":4336,"menu_order":0,"comment_status":"closed","ping_status":"closed","template":"template-about.blade.php","meta":{"_acf_changed":false,"footnotes":""},"city":[],"class_list":["post-4875","page","type-page","status-publish","hentry"],"acf":[],"_links":{"self":[{"href":"https:\/\/brussels.diamondleague.com\/fr\/wp-json\/wp\/v2\/pages\/4875","targetHints":{"allow":["GET"]}}],"collection":[{"href":"https:\/\/brussels.diamondleague.com\/fr\/wp-json\/wp\/v2\/pages"}],"about":[{"href":"https:\/\/brussels.diamondleague.com\/fr\/wp-json\/wp\/v2\/types\/page"}],"author":[{"embeddable":true,"href":"https:\/\/brussels.diamondleague.com\/fr\/wp-json\/wp\/v2\/users\/106"}],"replies":[{"embeddable":true,"href":"https:\/\/brussels.diamondleague.com\/fr\/wp-json\/wp\/v2\/comments?post=4875"}],"version-history":[{"count":10,"href":"https:\/\/brussels.diamondleague.com\/fr\/wp-json\/wp\/v2\/pages\/4875\/revisions"}],"predecessor-version":[{"id":5046,"href":"https:\/\/brussels.diamondleague.com\/fr\/wp-json\/wp\/v2\/pages\/4875\/revisions\/5046"}],"up":[{"embeddable":true,"href":"https:\/\/brussels.diamondleague.com\/fr\/wp-json\/wp\/v2\/pages\/4336"}],"wp:attachment":[{"href":"https:\/\/brussels.diamondleague.com\/fr\/wp-json\/wp\/v2\/media?parent=4875"}],"wp:term":[{"taxonomy":"city","embeddable":true,"href":"https:\/\/brussels.diamondleague.com\/fr\/wp-json\/wp\/v2\/city?post=4875"}],"curies":[{"name":"wp","href":"https:\/\/api.w.org\/{rel}","templated":true}]}}