{"id":4701,"date":"2025-04-16T06:27:35","date_gmt":"2025-04-16T04:27:35","guid":{"rendered":"https:\/\/brussels.diamondleague.com\/?page_id=4701"},"modified":"2025-12-31T10:47:01","modified_gmt":"2025-12-31T09:47:01","slug":"ivo-van-damme","status":"publish","type":"page","link":"https:\/\/brussels.diamondleague.com\/fr\/infos\/ivo-van-damme\/","title":{"rendered":"Ivo Van Damme"},"content":{"rendered":"\n<h2 class=\"wp-block-heading\"><\/h2>\n\n<p><strong>Ivo Van Damme<\/strong>, le meilleur <strong>sp\u00e9cialiste du 800 m\u00e8tres<\/strong> de l\u2019histoire de l\u2019athl\u00e9tisme belge, est toujours vivant. Mais seulement en pens\u00e9e et surtout \u00e0 l\u2019approche de l\u2019une des plus grandes rencontres d\u2019athl\u00e9tisme au monde : le M\u00e9morial Van Damme. Trop souvent, on se souvient de lui comme de \u201cce jeune athl\u00e8te prometteur qui est mort beaucoup trop t\u00f4t\u201d. Avec le temps, beaucoup ont oubli\u00e9 ses qualit\u00e9s athl\u00e9tiques et humaines. Voici donc un bref aper\u00e7u de la vie d\u2019Ivo Van Damme en tant qu\u2019athl\u00e8te et \u00eatre humain.    <\/p>\n<div class=\"wp-block-image\">\n<figure class=\"alignright size-full\"><img loading=\"lazy\" decoding=\"async\" width=\"200\" height=\"245\" src=\"https:\/\/brussels.diamondleague.com\/wp-content\/uploads\/sites\/16\/2025\/04\/ivo.jpg\" alt=\"\" class=\"wp-image-4704\"\/><\/figure><\/div>\n<p>Ivo Van Damme voit le jour \u00e0 Bruxelles le 21 f\u00e9vrier 1954. Selon son p\u00e8re Kamiel, gendarme de profession, Ivo est un enfant \u201ct\u00eatu et fonceur\u201d. Tr\u00e8s vite, cette \u201ct\u00eate crois\u00e9e\u201d s\u2019int\u00e9resse au sport. Son attention et son engagement se portent alors enti\u00e8rement sur le football. Jusqu\u2019\u00e0 l\u2019\u00e2ge de 16 ans, il joue au <strong>Racing White<\/strong>. Il jouait comme attaquant droit, mais n\u2019\u00e9tait pas un super talent, selon son p\u00e8re : \u201cbeaucoup de vitesse, mais sans technique\u201d.     <\/p>\n\n<p>Peu \u00e0 peu, Ivo s\u2019int\u00e9resse \u00e0 l\u2019athl\u00e9tisme. Alors que son p\u00e8re vient de lui offrir une paire de crampons afin qu\u2019il puisse se d\u00e9fouler sur la piste d\u2019athl\u00e9tisme du stade <strong>Fallon<\/strong>, il a envie de nouvelles chaussures de football. Son p\u00e8re lui propose alors de choisir entre le football et l\u2019athl\u00e9tisme. Heureusment, c\u2019est l\u2019athl\u00e9tisme qui l\u2019emporte&#8230;.    <\/p>\n\n<p>Tr\u00e8s vite, il est apparu que Van Damme \u00e9tait tr\u00e8s dou\u00e9 dans ce domaine. Lors d\u2019une rencontre scolaire, il a remport\u00e9 le 1500 m en 4\u201929\u20336 \u00e0 l\u2019\u00e2ge de 15 ans. Ce r\u00e9sultat est le fruit de ses entra\u00eenements de football. Il rejoint le <strong>club d\u2019athl\u00e9tisme du Daring Leuven<\/strong>. Au d\u00e9but, tout le monde pensait que Van Damme \u00e9tait destin\u00e9 \u00e0 courir le 1500 ou le 3000 m\u00e8tres. Mais en 1971, il court pour la premi\u00e8re fois le 800 m\u00e8tres et r\u00e9alise imm\u00e9diatement un chrono de 2\u201907\u20332. En un rien de temps, il gagne cinq secondes suppl\u00e9mentaires et devient ainsi le meilleur Scolaire de son club.      <\/p>\n\n<p>Sa grande perc\u00e9e a lieu en 1973 lors des <strong>championnats d\u2019Europe juniors<\/strong>. Van Damme termine quatri\u00e8me du 800 m\u00e8tres en \u00e9tablissant un nouveau record junior de Belgique : 1\u201948\u203316. Si l\u2019ann\u00e9e 1973 est couronn\u00e9e de succ\u00e8s, l\u2019ann\u00e9e 1974 est d\u00e9cevante. Pour la premi\u00e8re et unique fois de sa carri\u00e8re, Van Damme doit abandonner. Pour la premi\u00e8re et unique fois de sa carri\u00e8re, Van Damme doit abandonn\u00e9 une ciomp\u00e9tition, ne se sentant pas bien. Une analyse de sang r\u00e9v\u00e8le ensuite qu\u2019il souffre d\u2019une mononucl\u00e9ose, \u00e9galement connue sous le nom de <strong>maladie de Pfeiffer<\/strong>. Pendant deux mois et demi, cette maladie le tient \u00e0 l\u2019\u00e9cart de la comp\u00e9tition.      <\/p>\n\n<p>Van Damme continue de croire en ses chances et se bat avec acharnement. Sa carri\u00e8re s\u2019acc\u00e9l\u00e8re apr\u00e8s sa m\u00e9daille d\u2019argent aux championnats d\u2019Europe en salle \u00e0 <strong>Katowice<\/strong>. Van Damme court les minima pour les Jeux Olympiques plus tard dans l\u2019ann\u00e9e et am\u00e9liore le record du monde lors des championnats d\u2019Europe \u00e0 <strong>Munich<\/strong>.  <\/p>\n\n<p>Mais c\u2019est aux Jeux Olympiques que Van Damme obtient ses r\u00e9sultats les plus remarquables. Avant m\u00eame de partir pour <strong>Montr\u00e9al<\/strong>, il d\u00e9clare \u00e0 la presse : \u201cCelui qui me battra, battra le record du monde\u201d. Van Damme remporte finalment l\u2019argent dans le 800m \u2013 record de Belgique &#8211; et le 1500m. Ses exploits cette ann\u00e9e-l\u00e0 lui ont valu le <strong>Troph\u00e9e du m\u00e9rite sportif<\/strong> et le <strong>Soulier d\u2019or<\/strong>, et il a \u00e9t\u00e9 nomm\u00e9 <strong>sportif belge de l\u2019ann\u00e9e<\/strong>.   <\/p>\n\n<p>Van Damme n\u2019a jamais pu battre le l\u00e9gendaire record du monde de <strong>Miel Puttemans <\/strong>sur 5000m. C\u2019\u00e9tait son ambition pour 1977, mais il n\u2019en a jamais eu l\u2019occasion. Ivo Van Damme perd tragiquement la vie dans un <strong>accident de la route<\/strong> alors qu\u2019il rentre d\u2019un stage d\u2019entra\u00eenement dans le sud de la France. Un an plus tard en homage posthume au jeune athl\u00e8te, plusieurs journalistes sportifs organisent pour la premi\u00e8re fois le M\u00e9morial Van Damme.    <\/p>\n","protected":false},"excerpt":{"rendered":"<p>Ivo Van Damme, le meilleur sp\u00e9cialiste du 800 m\u00e8tres de l\u2019histoire de l\u2019athl\u00e9tisme belge,...","protected":false},"author":92,"featured_media":0,"parent":4336,"menu_order":0,"comment_status":"closed","ping_status":"closed","template":"template-about.blade.php","meta":{"_acf_changed":false,"footnotes":""},"city":[],"class_list":["post-4701","page","type-page","status-publish","hentry"],"acf":[],"_links":{"self":[{"href":"https:\/\/brussels.diamondleague.com\/fr\/wp-json\/wp\/v2\/pages\/4701","targetHints":{"allow":["GET"]}}],"collection":[{"href":"https:\/\/brussels.diamondleague.com\/fr\/wp-json\/wp\/v2\/pages"}],"about":[{"href":"https:\/\/brussels.diamondleague.com\/fr\/wp-json\/wp\/v2\/types\/page"}],"author":[{"embeddable":true,"href":"https:\/\/brussels.diamondleague.com\/fr\/wp-json\/wp\/v2\/users\/92"}],"replies":[{"embeddable":true,"href":"https:\/\/brussels.diamondleague.com\/fr\/wp-json\/wp\/v2\/comments?post=4701"}],"version-history":[{"count":5,"href":"https:\/\/brussels.diamondleague.com\/fr\/wp-json\/wp\/v2\/pages\/4701\/revisions"}],"predecessor-version":[{"id":5048,"href":"https:\/\/brussels.diamondleague.com\/fr\/wp-json\/wp\/v2\/pages\/4701\/revisions\/5048"}],"up":[{"embeddable":true,"href":"https:\/\/brussels.diamondleague.com\/fr\/wp-json\/wp\/v2\/pages\/4336"}],"wp:attachment":[{"href":"https:\/\/brussels.diamondleague.com\/fr\/wp-json\/wp\/v2\/media?parent=4701"}],"wp:term":[{"taxonomy":"city","embeddable":true,"href":"https:\/\/brussels.diamondleague.com\/fr\/wp-json\/wp\/v2\/city?post=4701"}],"curies":[{"name":"wp","href":"https:\/\/api.w.org\/{rel}","templated":true}]}}