{"id":4683,"date":"2025-04-16T06:18:30","date_gmt":"2025-04-16T04:18:30","guid":{"rendered":"https:\/\/brussels.diamondleague.com\/?page_id=4683"},"modified":"2025-12-31T10:47:10","modified_gmt":"2025-12-31T09:47:10","slug":"historique","status":"publish","type":"page","link":"https:\/\/brussels.diamondleague.com\/fr\/infos\/historique\/","title":{"rendered":"Historique"},"content":{"rendered":"\n<h2 class=\"wp-block-heading\"><\/h2>\n\n<p>Sa pr\u00e9sence dans les 20 meilleurs meetings de tous les temps d\u00e9montre que l\u2019Allianz M\u00e9morial Van Damme est bel et bien le plus grand rendez-vous de l\u2019athl\u00e9tisme mondial.<\/p>\n\n<p>Depuis 1977, le M\u00e9morial engrange de tr\u00e8s belles prestations. 14 records du Monde ont \u00e9t\u00e9 battus, dont 6 tiennent encore aujourd&#8217;hui. Ainsi, le M\u00e9morial Van Damme et le Stade Roi Baudouin d\u00e9tiennent le plus grand nombre de records du monde. 3 meilleures prestations mondiales encore actuelles ont \u00e9galement \u00e9t\u00e9 battues. De nombreux records europ\u00e9ens, continentaux ainsi qu&#8217;une flopp\u00e9e de records nationaux furent \u00e9galement am\u00e9lior\u00e9s.    <\/p>\n\n<p>Cette manne de prestations r\u00e9alis\u00e9es lors de l\u2019Allianz M\u00e9morial Van Damme figure dans le top 20 de tous les temps. Cela constitue un panorama unique de plus de trois d\u00e9cennies d\u2019athl\u00e9tisme au plus haut niveau lors du M\u00e9morial !  <\/p>\n\n<p><strong>9 prestations r\u00e9alis\u00e9es \u00e0 l\u2019Allianz M\u00e9morial Van Damme qui constituent actuellement autant de records du monde ou meilleures prestations mondiales :<\/strong><\/p>\n\n<p>    <\/p>\n\n<ul class=\"wp-block-list\"><\/ul>\n\n<p><strong>Records du monde<\/strong><\/p>\n\n<ul class=\"wp-block-list\">\n<li>1000m W 2.28.98 Svetlana Masterkova 1996 <\/li>\n\n\n\n<li>2000m M 4.43.13 Jakob Ingebrigtsen 2023<\/li>\n\n\n\n<li>4 x 800m M 7.02.43 Kenya 2006 (Mutua, Yiampoy, Kombich, Bungei)<\/li>\n\n\n\n<li>110m haies &#8211; Aries Merritt &#8211; 12.80 &#8211; 2012 <\/li>\n\n\n\n<li>Une heure &#8211; 21.330m &#8211; Mo Farah &#8211; 2020<\/li>\n\n\n\n<li>One Hour \u2013 18.930m &#8211; Sifan Hassan \u2013 2020<\/li>\n<\/ul>\n\n<h2 class=\"wp-block-heading\">  <\/h2>\n\n<p><strong>Meilleures prestations mondiales<\/strong><\/p>\n\n<ul class=\"wp-block-list\">\n<li>20000m M &#8211; 56.20.02 &#8211; Bashir Abdi &#8211; 2020<\/li>\n\n\n\n<li>2 Mile W &#8211; 8.57.46 &#8211; Meseret Defar &#8211; 2007<\/li>\n\n\n\n<li>15000m &#8211; 41.51.61 &#8211; Sabastian Kimaru Sawe &#8211; 2022<\/li>\n<\/ul>\n","protected":false},"excerpt":{"rendered":"<p>Sa pr\u00e9sence dans les 20 meilleurs meetings de tous les temps d\u00e9montre que l\u2019Allianz...","protected":false},"author":92,"featured_media":0,"parent":4336,"menu_order":0,"comment_status":"closed","ping_status":"closed","template":"template-about.blade.php","meta":{"_acf_changed":false,"footnotes":""},"city":[],"class_list":["post-4683","page","type-page","status-publish","hentry"],"acf":[],"_links":{"self":[{"href":"https:\/\/brussels.diamondleague.com\/fr\/wp-json\/wp\/v2\/pages\/4683","targetHints":{"allow":["GET"]}}],"collection":[{"href":"https:\/\/brussels.diamondleague.com\/fr\/wp-json\/wp\/v2\/pages"}],"about":[{"href":"https:\/\/brussels.diamondleague.com\/fr\/wp-json\/wp\/v2\/types\/page"}],"author":[{"embeddable":true,"href":"https:\/\/brussels.diamondleague.com\/fr\/wp-json\/wp\/v2\/users\/92"}],"replies":[{"embeddable":true,"href":"https:\/\/brussels.diamondleague.com\/fr\/wp-json\/wp\/v2\/comments?post=4683"}],"version-history":[{"count":5,"href":"https:\/\/brussels.diamondleague.com\/fr\/wp-json\/wp\/v2\/pages\/4683\/revisions"}],"predecessor-version":[{"id":5044,"href":"https:\/\/brussels.diamondleague.com\/fr\/wp-json\/wp\/v2\/pages\/4683\/revisions\/5044"}],"up":[{"embeddable":true,"href":"https:\/\/brussels.diamondleague.com\/fr\/wp-json\/wp\/v2\/pages\/4336"}],"wp:attachment":[{"href":"https:\/\/brussels.diamondleague.com\/fr\/wp-json\/wp\/v2\/media?parent=4683"}],"wp:term":[{"taxonomy":"city","embeddable":true,"href":"https:\/\/brussels.diamondleague.com\/fr\/wp-json\/wp\/v2\/city?post=4683"}],"curies":[{"name":"wp","href":"https:\/\/api.w.org\/{rel}","templated":true}]}}