{"id":4672,"date":"2025-04-16T06:13:43","date_gmt":"2025-04-16T04:13:43","guid":{"rendered":"https:\/\/brussels.diamondleague.com\/?page_id=4672"},"modified":"2025-08-08T15:06:47","modified_gmt":"2025-08-08T13:06:47","slug":"mobilite","status":"publish","type":"page","link":"https:\/\/brussels.diamondleague.com\/fr\/infos\/mobilite\/","title":{"rendered":"Accessibilit\u00e9"},"content":{"rendered":"\n<p>Les organisateurs de l&#8217;Allianz M\u00e9morial Van Damme, en collaboration avec INTER, s&#8217;efforcent de rendre l&#8217;\u00e9v\u00e9nement accessible \u00e0 tous. Le M\u00e9morial s&#8217;est vu d\u00e9cerner le label &#8220;\u00e9v\u00e9nements accessibles 2025&#8221;.  <\/p>\n\n<p>Ainsi, certaines actions ont \u00e9t\u00e9 pr\u00e9vues : <\/p>\n\n<ul class=\"wp-block-list\">\n<li>Des places sp\u00e9cifiques pour les personnes \u00e0 mobilit\u00e9 r\u00e9duite. Pri\u00e8re de r\u00e9server vos places via <a href=\"mailto:info@memorialvandamme.be\">info@memorialvandamme.be<\/a>. <\/li>\n\n\n\n<li>Places de parking r\u00e9serv\u00e9es.<\/li>\n\n\n\n<li>Sanitaires accessibles.<\/li>\n\n\n\n<li>Des collaborateurs Inter pour l&#8217;accueil et l&#8217;assistance des personnes porteuses d&#8217;un handicap (d\u00e9placement vers les toilettes, aller chercher \u00e0 boire ou \u00e0 manger,&#8230;). N&#8217;h\u00e9sitez pas \u00e0 faire appel \u00e0 eux pour vous assister. Ils sont reconnaissables \u00e0 leur gilet blanc avec le logo Inter.  <\/li>\n<\/ul>\n\n<p>Avez-vous encore des questions concernant l&#8217;assistance et l&#8217;accessibilit\u00e9 ? Prenez contact avec Inter via <a href=\"mailto:memorial@inter.vlaanderen\">memorial@inter.vlaanderen<\/a>. Les tickets sp\u00e9cifiques sont \u00e0 r\u00e9server via <a href=\"mailto:info@memorialvandamme.be\">info@memorialvandamme.be<\/a>.  <\/p>\n\n<figure class=\"wp-block-image size-full is-resized\"><a href=\"https:\/\/www.vlaanderen.be\/inter\" target=\"_blank\" rel=\" noreferrer noopener\"><img loading=\"lazy\" decoding=\"async\" width=\"830\" height=\"313\" src=\"https:\/\/brussels.diamondleague.com\/wp-content\/uploads\/sites\/16\/2025\/08\/Label_inter_event2025_liggend.png\" alt=\"\" class=\"wp-image-5154\" style=\"width:336px;height:auto\" srcset=\"https:\/\/brussels.diamondleague.com\/wp-content\/uploads\/sites\/16\/2025\/08\/Label_inter_event2025_liggend.png 830w, https:\/\/brussels.diamondleague.com\/wp-content\/uploads\/sites\/16\/2025\/08\/Label_inter_event2025_liggend-300x113.png 300w, https:\/\/brussels.diamondleague.com\/wp-content\/uploads\/sites\/16\/2025\/08\/Label_inter_event2025_liggend-768x290.png 768w\" sizes=\"auto, (max-width: 830px) 100vw, 830px\" \/><\/a><\/figure>\n","protected":false},"excerpt":{"rendered":"<p>Les organisateurs de l&#8217;Allianz M\u00e9morial Van Damme, en collaboration avec INTER,...","protected":false},"author":92,"featured_media":0,"parent":4336,"menu_order":0,"comment_status":"closed","ping_status":"closed","template":"template-about.blade.php","meta":{"_acf_changed":false,"footnotes":""},"city":[],"class_list":["post-4672","page","type-page","status-publish","hentry"],"acf":[],"_links":{"self":[{"href":"https:\/\/brussels.diamondleague.com\/fr\/wp-json\/wp\/v2\/pages\/4672","targetHints":{"allow":["GET"]}}],"collection":[{"href":"https:\/\/brussels.diamondleague.com\/fr\/wp-json\/wp\/v2\/pages"}],"about":[{"href":"https:\/\/brussels.diamondleague.com\/fr\/wp-json\/wp\/v2\/types\/page"}],"author":[{"embeddable":true,"href":"https:\/\/brussels.diamondleague.com\/fr\/wp-json\/wp\/v2\/users\/92"}],"replies":[{"embeddable":true,"href":"https:\/\/brussels.diamondleague.com\/fr\/wp-json\/wp\/v2\/comments?post=4672"}],"version-history":[{"count":8,"href":"https:\/\/brussels.diamondleague.com\/fr\/wp-json\/wp\/v2\/pages\/4672\/revisions"}],"predecessor-version":[{"id":5210,"href":"https:\/\/brussels.diamondleague.com\/fr\/wp-json\/wp\/v2\/pages\/4672\/revisions\/5210"}],"up":[{"embeddable":true,"href":"https:\/\/brussels.diamondleague.com\/fr\/wp-json\/wp\/v2\/pages\/4336"}],"wp:attachment":[{"href":"https:\/\/brussels.diamondleague.com\/fr\/wp-json\/wp\/v2\/media?parent=4672"}],"wp:term":[{"taxonomy":"city","embeddable":true,"href":"https:\/\/brussels.diamondleague.com\/fr\/wp-json\/wp\/v2\/city?post=4672"}],"curies":[{"name":"wp","href":"https:\/\/api.w.org\/{rel}","templated":true}]}}