{"id":4590,"date":"2025-04-11T12:04:10","date_gmt":"2025-04-11T10:04:10","guid":{"rendered":"https:\/\/brussels.diamondleague.com\/?page_id=4590"},"modified":"2025-07-28T14:00:11","modified_gmt":"2025-07-28T12:00:11","slug":"infos-meeting-2","status":"publish","type":"page","link":"https:\/\/brussels.diamondleague.com\/fr\/infos\/infos-meeting-2\/","title":{"rendered":"Mobilit\u00e9"},"content":{"rendered":"\n<p>Nous conseillons \u00e0 chacun d&#8217;utiliser les transports publics autant que possible. Vous trouverez ci-dessous tous les conseils pour vous rendre au Stade Roi Baudouin de la mani\u00e8re la plus simple possible en train et m\u00e9tro. <\/p>\n\n<p>Si vous venez en voiture, veuillez \u00e0 partir t\u00f4t en raison de la circulation intense sur le ring de Bruxelles et autour du stade Roi Baudouin le vendredi soir.<\/p>\n\n<p><strong>Vous venez \u00e0 v\u00e9lo<\/strong><\/p>\n\n<p>Si vous venez au stade Roi Baudouin \u00e0 v\u00e9lo, vous pouvez le laisser dans notre parking v\u00e9los sur le stade Victor Boin, juste \u00e0 c\u00f4t\u00e9 du stade. L&#8217;entr\u00e9e du parking v\u00e9los se trouve sur l&#8217;Avenue Houba De Strooper. <\/p>\n\n<p><strong>Vous venez en train:<\/strong><br\/><br\/>Il n\u2019est plus possible de venir directement au stade \u00e0 partir de la Gare Centrale de Bruxelles. Nous vous conseillons vivement de prendre le train jusqu\u2019\u00e0 Bruxelles-Midi puis d\u2019emprunter le m\u00e9tro ligne 6, direction Roi Baudouin, qui vous am\u00e8nera directement au stade. <br\/><br\/>En fonction la tribune de votre ticket, descendez \u00e0 l\u2019une des stations suivantes:<\/p>\n\n<ul class=\"wp-block-list\">\n<li>Ticket tribune 1 ou tribune 2 : station \u201cHouba-Brugmann\u201d<\/li>\n\n\n\n<li>Ticket tribune 3 : station \u201cHeysel\u201d<\/li>\n\n\n\n<li>Ticket tribune 4 : Station \u201cRoi Baudouin\u201d<\/li>\n<\/ul>\n\n<p>Ticket tribune 1 ou tribune 2 : station \u201cHouba-Brugmann\u201d<br\/>Ticket tribune 3 : station \u201cHeysel\u201d<br\/>Ticket tribune 4 : Station \u201cRoi Baudouin\u201d <\/p>\n\n<p><strong>Vous venez en m\u00e9tro (STIB):<\/strong><\/p>\n\n<p>De Bruxelles Central, prenez la ligne de m\u00e9tro 1 (direction Bruxelles-Ouest)<\/p>\n\n<p>ou la ligne 5 (direction Erasme) et descendez \u00e0 la station \u201cBeekkant\u201d<\/p>\n\n<p>puis prenez la ligne 6 (direction Roi Baudouin). <\/p>\n\n<p>En fonction la tribune de votre ticket, descendez \u00e0 l\u2019une des stations suivantes:<\/p>\n\n<ul class=\"wp-block-list\">\n<li>Ticket tribune 1 ou tribune 2 : station \u201cHouba-Brugmann\u201d<\/li>\n\n\n\n<li>Ticket tribune 3 : station \u201cHeysel\u201d<\/li>\n\n\n\n<li>Ticket tribune 4 : Station \u201cRoi Baudouin\u201d<\/li>\n<\/ul>\n\n<p>Pour plus d\u2019informations : <a href=\"https:\/\/www.bruxellesmobilite.irisnet.be\" target=\"_blank\" rel=\"noreferrer noopener\">www.bruxellesmobilite.irisnet.be\/<\/a><\/p>\n\n<div class=\"wp-block-buttons is-layout-flex wp-block-buttons-is-layout-flex\">\n<div class=\"wp-block-button\"><a class=\"wp-block-button__link wp-element-button\" href=\"https:\/\/www.belgiantrain.be\/\" style=\"border-radius:8px\" target=\"_blank\" rel=\"noopener\">Tickets NMBS<\/a><\/div>\n\n\n\n<div class=\"wp-block-button\"><a class=\"wp-block-button__link wp-element-button\" href=\"https:\/\/www.stib-mivb.be\/article.html?_guid=30fa3e16-098e-3410-a38a-c8fdc3647d64\" style=\"border-radius:8px\" target=\"_blank\" rel=\"noopener\">Tickets MIVB<\/a><\/div>\n<\/div>\n\n<p><strong>Vous venez en voiture :<\/strong><br\/><br\/>Vous choisissez votre arr\u00eat final en fonction de l&#8217;endroit indiqu\u00e9 sur votre billet.<\/p>\n\n<ul class=\"wp-block-list\">\n<li><strong>Par la E40 (Li\u00e8ge, Louvain) ou la E 19 (Anvers): <\/strong>empruntez le ring de Bruxelles et sortez \u00e0 la sortie 7a \u201cParking Expo\u201d, o\u00f9 vous pourrez vous garer pour \u20ac10, et rejoignez le stade \u00e0 pied.<\/li>\n\n\n\n<li><strong>Par l\u2019A12 (Anvers):<\/strong> sortez \u00e0 la sortie 7a \u201cParking expo\u201d, o\u00f9 vous pourrez vous garer pour \u20ac10, et rejoignez le stade \u00e0 pied.<\/li>\n\n\n\n<li><strong>Par la E19 (Mons, Paris):<\/strong>\n<ul class=\"wp-block-list\">\n<li>Sortie Sint-Pieters Leeuw: garez-vous au parking du Metro CERIA. Prenez la ligne de m\u00e9tro 5 (direction Hermann Debroux) et descendez \u00e0 la station \u201cBeekkant\u201d puis prenez la ligne de m\u00e9tro 6 (direction Roi Baudouin).   Descendez \u00e0 la station qui correspond \u00e0 la tribune de votre ticket.<\/li>\n\n\n\n<li>Sortie Lennik: garez-vous au deuxi\u00e8me rond-point, prenez la ligne de m\u00e9tro 5 \u00e0 la station Erasme (direction Hermann Debroux) et descendez \u00e0 l\u2019arr\u00eat \u201cBeekkant\u201d puis prenez la ligne 6 (direction Roi Baudouin).  Descendez \u00e0 la station qui correspond \u00e0 la tribune de votre ticket.<\/li>\n\n\n\n<li>Ticket tribune 1 ou tribune 2 : station \u201cHouba-Brugmann\u201d<\/li>\n\n\n\n<li>Ticket tribune 3 : station \u201cHeysel\u201d<\/li>\n\n\n\n<li>Ticket tribune 4 : Station \u201cRoi Baudouin\u201d<\/li>\n<\/ul>\n<\/li>\n<\/ul>\n\n<p><strong>Achetez votre ticket pour le parking C \u00e0 l&#8217;avance<\/strong><\/p>\n\n<p>Les spectateurs peuvent r\u00e9server \u00e0 l&#8217;avance un ticket de parking pour le parking C via le lien suivant : <a href=\"https:\/\/parking.tickets.brussels-expo.com\/schedule?language=fr\" target=\"_blank\" rel=\"noreferrer noopener\">https:\/\/parking.tickets.brussels-expo.com\/schedule?language=fr<br\/><\/a>Vous gagnerez ainsi beaucoup de temps \u00e0 l&#8217;entr\u00e9e du parking.<\/p>\n","protected":false},"excerpt":{"rendered":"<p>Nous conseillons \u00e0 chacun d&#8217;utiliser les transports publics autant que possible. Vous...","protected":false},"author":92,"featured_media":0,"parent":4336,"menu_order":0,"comment_status":"closed","ping_status":"closed","template":"template-about.blade.php","meta":{"_acf_changed":false,"footnotes":""},"city":[],"class_list":["post-4590","page","type-page","status-publish","hentry"],"acf":[],"_links":{"self":[{"href":"https:\/\/brussels.diamondleague.com\/fr\/wp-json\/wp\/v2\/pages\/4590","targetHints":{"allow":["GET"]}}],"collection":[{"href":"https:\/\/brussels.diamondleague.com\/fr\/wp-json\/wp\/v2\/pages"}],"about":[{"href":"https:\/\/brussels.diamondleague.com\/fr\/wp-json\/wp\/v2\/types\/page"}],"author":[{"embeddable":true,"href":"https:\/\/brussels.diamondleague.com\/fr\/wp-json\/wp\/v2\/users\/92"}],"replies":[{"embeddable":true,"href":"https:\/\/brussels.diamondleague.com\/fr\/wp-json\/wp\/v2\/comments?post=4590"}],"version-history":[{"count":14,"href":"https:\/\/brussels.diamondleague.com\/fr\/wp-json\/wp\/v2\/pages\/4590\/revisions"}],"predecessor-version":[{"id":5085,"href":"https:\/\/brussels.diamondleague.com\/fr\/wp-json\/wp\/v2\/pages\/4590\/revisions\/5085"}],"up":[{"embeddable":true,"href":"https:\/\/brussels.diamondleague.com\/fr\/wp-json\/wp\/v2\/pages\/4336"}],"wp:attachment":[{"href":"https:\/\/brussels.diamondleague.com\/fr\/wp-json\/wp\/v2\/media?parent=4590"}],"wp:term":[{"taxonomy":"city","embeddable":true,"href":"https:\/\/brussels.diamondleague.com\/fr\/wp-json\/wp\/v2\/city?post=4590"}],"curies":[{"name":"wp","href":"https:\/\/api.w.org\/{rel}","templated":true}]}}