{"id":4339,"date":"2025-03-17T20:52:44","date_gmt":"2025-03-17T19:52:44","guid":{"rendered":"https:\/\/brussels.diamondleague.com\/billetterie\/"},"modified":"2026-01-16T08:55:09","modified_gmt":"2026-01-16T07:55:09","slug":"billetterie","status":"publish","type":"page","link":"https:\/\/brussels.diamondleague.com\/fr\/billetterie\/","title":{"rendered":"Billets VIP"},"content":{"rendered":"\n<h2 class=\"wp-block-heading\"><strong>Offrez \u00e0 vos invit\u00e9s l&#8217;\u00e9v\u00e9nement sportif de l&#8217;ann\u00e9e<\/strong><\/h2>\n\n\n\n<p>Une exp\u00e9rience VIP lors de l\u2019Allianz M\u00e9morial Van Damme garantit une soir\u00e9e inoubliable o\u00f9 le sport de haut niveau et l\u2019hospitalit\u00e9 se rencontrent. C\u2019est l\u2019occasion id\u00e9ale de r\u00e9seauter dans un cadre d\u2019exception. <\/p>\n\n\n\n<div class=\"wp-block-buttons is-layout-flex wp-block-buttons-is-layout-flex\">\n<div class=\"wp-block-button\"><a class=\"wp-block-button__link has-white-color has-text-color has-link-color wp-element-button\" href=\"https:\/\/issuu.com\/flanders2021\/docs\/hospitality_brochure_allianz_memori_79764ce0036271?fr=sNDQ1MjkwMjI2ODY\" target=\"_blank\" rel=\"noreferrer noopener\">D\u00e9couvrez la brochure VIP<\/a><\/div>\n<\/div>\n\n\n\n<h2 class=\"wp-block-heading\">Commandez vos billets VIP<\/h2>\n\n\n\n<div class=\"wp-block-group\"><div class=\"wp-block-group__inner-container is-layout-constrained wp-block-group-is-layout-constrained\">\n<div class=\"wp-block-columns is-layout-flex wp-container-core-columns-is-layout-1 wp-block-columns-is-layout-flex\">\n<div class=\"wp-block-column is-layout-flow wp-block-column-is-layout-flow\" style=\"flex-basis:300px\"><div class=\"wp-block-image\">\n<figure class=\"aligncenter size-full\"><a href=\"https:\/\/tickets.golazo.com\/fr\/events\/allianz-memorial-van-damme-04092026\" target=\"_blank\" rel=\" noreferrer noopener\"><img loading=\"lazy\" decoding=\"async\" width=\"330\" height=\"220\" src=\"https:\/\/brussels.diamondleague.com\/wp-content\/uploads\/sites\/16\/2026\/01\/FR-vrij.jpg\" alt=\"\" class=\"wp-image-6590\" srcset=\"https:\/\/brussels.diamondleague.com\/wp-content\/uploads\/sites\/16\/2026\/01\/FR-vrij.jpg 330w, https:\/\/brussels.diamondleague.com\/wp-content\/uploads\/sites\/16\/2026\/01\/FR-vrij-300x200.jpg 300w\" sizes=\"auto, (max-width: 330px) 100vw, 330px\" \/><\/a><\/figure><\/div>\n\n\n<div class=\"wp-block-buttons is-content-justification-center is-layout-flex wp-container-core-buttons-is-layout-2 wp-block-buttons-is-layout-flex\">\n<div class=\"wp-block-button\"><a class=\"wp-block-button__link has-white-color has-text-color has-link-color wp-element-button\" href=\"https:\/\/tickets.golazo.com\/fr\/events\/allianz-memorial-van-damme-04092026\" target=\"_blank\" rel=\"noreferrer noopener\">Achetez vos billets VIP<\/a><\/div>\n<\/div>\n<\/div>\n\n\n\n<div class=\"wp-block-column is-layout-flow wp-block-column-is-layout-flow\" style=\"flex-basis:300px\"><div class=\"wp-block-image\">\n<figure class=\"aligncenter size-full\"><a href=\"https:\/\/tickets.golazo.com\/fr\/events\/allianz-memorial-van-damme-05092026\" target=\"_blank\" rel=\" noreferrer noopener\"><img loading=\"lazy\" decoding=\"async\" width=\"330\" height=\"220\" src=\"https:\/\/brussels.diamondleague.com\/wp-content\/uploads\/sites\/16\/2026\/01\/FR-zat.jpg\" alt=\"\" class=\"wp-image-6593\" srcset=\"https:\/\/brussels.diamondleague.com\/wp-content\/uploads\/sites\/16\/2026\/01\/FR-zat.jpg 330w, https:\/\/brussels.diamondleague.com\/wp-content\/uploads\/sites\/16\/2026\/01\/FR-zat-300x200.jpg 300w\" sizes=\"auto, (max-width: 330px) 100vw, 330px\" \/><\/a><\/figure><\/div>\n\n\n<div class=\"wp-block-buttons is-content-justification-center is-layout-flex wp-container-core-buttons-is-layout-3 wp-block-buttons-is-layout-flex\">\n<div class=\"wp-block-button\"><a class=\"wp-block-button__link has-white-color has-text-color has-link-color wp-element-button\" href=\"https:\/\/tickets.golazo.com\/fr\/events\/allianz-memorial-van-damme-05092026\" target=\"_blank\" rel=\"noopener\">Achetez vos billets VIP<\/a><\/div>\n<\/div>\n<\/div>\n<\/div>\n<\/div><\/div>\n\n\n\n<h2 class=\"wp-block-heading\">A quoi pouvez-vous vous attendre?<\/h2>\n\n\n\n<p> &#8211; <strong>Des places assises de premier choix <\/strong>avec une vue imprenable sur un meeting d\u2019athl\u00e9tisme de classe mondiale et un acc\u00e8s exclusif au village VIP<br>&#8211; <strong>Gastronomie raffin\u00e9e<\/strong> et vins de qualit\u00e9, avec la possibilit\u00e9 d&#8217;un walking dinner ou d\u2019un d\u00eener assis \u00e0 table<br>&#8211; Une <strong>atmosph\u00e8re unique<\/strong> sur et en dehors de la piste, y compris une c\u00e9r\u00e9monie de cl\u00f4ture \u00e9blouissante avec un spectacle laser.<br>&#8211; Possibilit\u00e9 d&#8217;accueillir vos invit\u00e9s <strong>avant et apr\u00e8s le M\u00e9morial <\/strong>dans un cadre \u00e9l\u00e9gant<\/p>\n\n\n\n<p>Choisissez un grand classique national \u00e0 l&#8217;attrait international et vivez une soir\u00e9e inoubliable en compagnie de vos invit\u00e9s.<\/p>\n\n\n\n<h2 class=\"wp-block-heading\"><strong>Contact<\/strong><\/h2>\n\n\n\n<p>Jens Dewart<br>Senior Account Manager<br>+32 494 35 21 09<\/p>\n\n\n\n<p><a href=\"http:\/\/mailto=jens.dewart@golazo.com\" data-type=\"link\" data-id=\"mailto=jens.dewart@golazoexperiences.be\" target=\"_blank\" rel=\"noopener\"><\/a><a href=\"mailto:jens.dewart@golazo.com\">jens.dewart@golazo.com<\/a><br><a href=\"http:\/\/www.golazoexperiences.be\" target=\"_blank\" rel=\"noreferrer noopener\">www.golazoexperiences.be<\/a><\/p>\n\n\n\n<figure class=\"wp-block-image size-medium is-resized is-style-default\"><img loading=\"lazy\" decoding=\"async\" width=\"300\" height=\"182\" src=\"https:\/\/brussels.diamondleague.com\/wp-content\/uploads\/sites\/16\/2025\/05\/EnergeticGreenTransp-300x182.png\" alt=\"\" class=\"wp-image-4855\" style=\"width:175px\" srcset=\"https:\/\/brussels.diamondleague.com\/wp-content\/uploads\/sites\/16\/2025\/05\/EnergeticGreenTransp-300x182.png 300w, https:\/\/brussels.diamondleague.com\/wp-content\/uploads\/sites\/16\/2025\/05\/EnergeticGreenTransp-1024x621.png 1024w, https:\/\/brussels.diamondleague.com\/wp-content\/uploads\/sites\/16\/2025\/05\/EnergeticGreenTransp-768x466.png 768w, https:\/\/brussels.diamondleague.com\/wp-content\/uploads\/sites\/16\/2025\/05\/EnergeticGreenTransp-1536x932.png 1536w, https:\/\/brussels.diamondleague.com\/wp-content\/uploads\/sites\/16\/2025\/05\/EnergeticGreenTransp-2048x1242.png 2048w\" sizes=\"auto, (max-width: 300px) 100vw, 300px\" \/><\/figure>\n\n\n\n<figure class=\"wp-block-gallery has-nested-images columns-4 is-cropped wp-block-gallery-1 is-layout-flex wp-block-gallery-is-layout-flex\">\n<figure class=\"wp-block-image size-full\"><img loading=\"lazy\" decoding=\"async\" width=\"295\" height=\"196\" data-id=\"4449\" src=\"https:\/\/brussels.diamondleague.com\/wp-content\/uploads\/sites\/16\/2025\/04\/csm_memorial-25-vip4_5ef08c8f25.jpg\" alt=\"\" class=\"wp-image-4449\"\/><\/figure>\n\n\n\n<figure class=\"wp-block-image size-full\"><img loading=\"lazy\" decoding=\"async\" width=\"295\" height=\"196\" data-id=\"4445\" src=\"https:\/\/brussels.diamondleague.com\/wp-content\/uploads\/sites\/16\/2025\/04\/csm_memorial-25-vip1_4fd598f912.png\" alt=\"\" class=\"wp-image-4445\"\/><\/figure>\n\n\n\n<figure class=\"wp-block-image size-full\"><img loading=\"lazy\" decoding=\"async\" width=\"295\" height=\"196\" data-id=\"4453\" src=\"https:\/\/brussels.diamondleague.com\/wp-content\/uploads\/sites\/16\/2025\/04\/csm_memorial-25-vip3_0a66292f04.jpg\" alt=\"\" class=\"wp-image-4453\"\/><\/figure>\n\n\n\n<figure class=\"wp-block-image size-full\"><img loading=\"lazy\" decoding=\"async\" width=\"295\" height=\"196\" data-id=\"4447\" src=\"https:\/\/brussels.diamondleague.com\/wp-content\/uploads\/sites\/16\/2025\/04\/csm_memorial-25-vip2_e6aad662ac.png\" alt=\"\" class=\"wp-image-4447\"\/><\/figure>\n<\/figure>\n","protected":false},"excerpt":{"rendered":"<p>Offrez \u00e0 vos invit\u00e9s l&#8217;\u00e9v\u00e9nement sportif de l&#8217;ann\u00e9e Une exp\u00e9rience VIP lors de...","protected":false},"author":45,"featured_media":0,"parent":0,"menu_order":0,"comment_status":"closed","ping_status":"closed","template":"template-about.blade.php","meta":{"_acf_changed":false,"footnotes":""},"city":[],"class_list":["post-4339","page","type-page","status-publish","hentry"],"acf":[],"_links":{"self":[{"href":"https:\/\/brussels.diamondleague.com\/fr\/wp-json\/wp\/v2\/pages\/4339","targetHints":{"allow":["GET"]}}],"collection":[{"href":"https:\/\/brussels.diamondleague.com\/fr\/wp-json\/wp\/v2\/pages"}],"about":[{"href":"https:\/\/brussels.diamondleague.com\/fr\/wp-json\/wp\/v2\/types\/page"}],"author":[{"embeddable":true,"href":"https:\/\/brussels.diamondleague.com\/fr\/wp-json\/wp\/v2\/users\/45"}],"replies":[{"embeddable":true,"href":"https:\/\/brussels.diamondleague.com\/fr\/wp-json\/wp\/v2\/comments?post=4339"}],"version-history":[{"count":15,"href":"https:\/\/brussels.diamondleague.com\/fr\/wp-json\/wp\/v2\/pages\/4339\/revisions"}],"predecessor-version":[{"id":6604,"href":"https:\/\/brussels.diamondleague.com\/fr\/wp-json\/wp\/v2\/pages\/4339\/revisions\/6604"}],"wp:attachment":[{"href":"https:\/\/brussels.diamondleague.com\/fr\/wp-json\/wp\/v2\/media?parent=4339"}],"wp:term":[{"taxonomy":"city","embeddable":true,"href":"https:\/\/brussels.diamondleague.com\/fr\/wp-json\/wp\/v2\/city?post=4339"}],"curies":[{"name":"wp","href":"https:\/\/api.w.org\/{rel}","templated":true}]}}