{"id":4337,"date":"2025-03-18T19:25:03","date_gmt":"2025-03-18T18:25:03","guid":{"rendered":"https:\/\/brussels.diamondleague.com\/infos\/infos-meeting\/"},"modified":"2025-07-15T08:42:33","modified_gmt":"2025-07-15T06:42:33","slug":"infos-meeting","status":"publish","type":"page","link":"https:\/\/brussels.diamondleague.com\/fr\/infos\/infos-meeting\/","title":{"rendered":"Infos Meeting"},"content":{"rendered":"\n<h2 class=\"wp-block-heading\">Qui sommes-nous?<\/h2>\n\n<p>L\u2019Allianz M\u00e9morial Van Damme est un meeting d\u2019athl\u00e9tisme de renomm\u00e9e internationale faisant partie de la Wanda Diamond League.<\/p>\n\n<p>Le nom du meeting fait r\u00e9f\u00e9r\u00e9nce au grand athl\u00e8te belge Ivo Van Damme, tragiquement disparu en 1976. Plus t\u00f4t dans l&#8217;ann\u00e9e, il avait d\u00e9croch\u00e9 l&#8217;argent lors des Jeux Olympiques de Montr\u00e9al, \u00e0 la fois sur 800m et sur 1500m. Le premier \u2018M\u00e9morial\u2019 s&#8217;est d\u00e9roul\u00e9 en 1977 et il a depuis conquis une reconnaissance internationale.   <\/p>\n\n<p>En 1985, il a \u00e9t\u00e9 d\u00e9sign\u00e9 meeting IAAF Grand Prix, puis Golden Four et ensuite meeting Golden League. Le M\u00e9morial fut pr\u00e9curseur dans l&#8217;\u00e9volution des meetings en alliant le premier musique, feu d&#8217;artifice, percussions, une pr\u00e9sentation dynamique et bien plus encore. <\/p>\n\n<p>Depuis 2010, le M\u00e9morial fait partie de la Wanda Diamond League, une s\u00e9rie annuelle de comp\u00e9titions d&#8217;athl\u00e9tisme de haut niveau se d\u00e9roulant dans 15 villes \u00e0 travers le monde.<\/p>\n\n<p><strong>Lieu:<br\/><\/strong>Stade Roi Baudouin<br\/>Avenue de Marathon<br\/>1020 Bruxelles<\/p>\n\n<p>Les bureaux sont accessibles uniquement via l\u2019avenue de Marathon.<\/p>\n\n<p><strong>Contact:<br\/><\/strong>G\u00e9n\u00e9ral: +32 2 474 72 30<br\/>Tickets: +32 2 478 20 25<br\/>E-mail: <a href=\"linkTo_UnCryptMailto(%27nbjmup%2BjogpAnfnpsjbmwboebnnf%5C%2Fcf%27);\">info@memorialvandamme.be<\/a><\/p>\n","protected":false},"excerpt":{"rendered":"<p>Qui sommes-nous? L\u2019Allianz M\u00e9morial Van Damme est un meeting d\u2019athl\u00e9tisme de renomm\u00e9e...","protected":false},"author":45,"featured_media":0,"parent":4336,"menu_order":0,"comment_status":"closed","ping_status":"closed","template":"template-about.blade.php","meta":{"_acf_changed":false,"footnotes":""},"city":[],"class_list":["post-4337","page","type-page","status-publish","hentry"],"acf":[],"_links":{"self":[{"href":"https:\/\/brussels.diamondleague.com\/fr\/wp-json\/wp\/v2\/pages\/4337","targetHints":{"allow":["GET"]}}],"collection":[{"href":"https:\/\/brussels.diamondleague.com\/fr\/wp-json\/wp\/v2\/pages"}],"about":[{"href":"https:\/\/brussels.diamondleague.com\/fr\/wp-json\/wp\/v2\/types\/page"}],"author":[{"embeddable":true,"href":"https:\/\/brussels.diamondleague.com\/fr\/wp-json\/wp\/v2\/users\/45"}],"replies":[{"embeddable":true,"href":"https:\/\/brussels.diamondleague.com\/fr\/wp-json\/wp\/v2\/comments?post=4337"}],"version-history":[{"count":5,"href":"https:\/\/brussels.diamondleague.com\/fr\/wp-json\/wp\/v2\/pages\/4337\/revisions"}],"predecessor-version":[{"id":5028,"href":"https:\/\/brussels.diamondleague.com\/fr\/wp-json\/wp\/v2\/pages\/4337\/revisions\/5028"}],"up":[{"embeddable":true,"href":"https:\/\/brussels.diamondleague.com\/fr\/wp-json\/wp\/v2\/pages\/4336"}],"wp:attachment":[{"href":"https:\/\/brussels.diamondleague.com\/fr\/wp-json\/wp\/v2\/media?parent=4337"}],"wp:term":[{"taxonomy":"city","embeddable":true,"href":"https:\/\/brussels.diamondleague.com\/fr\/wp-json\/wp\/v2\/city?post=4337"}],"curies":[{"name":"wp","href":"https:\/\/api.w.org\/{rel}","templated":true}]}}